{"id":7,"date":"2017-07-20T19:15:08","date_gmt":"2017-07-20T17:15:08","guid":{"rendered":"https:\/\/192.168.0.31\/blog\/?page_id=7"},"modified":"2020-10-06T12:07:30","modified_gmt":"2020-10-06T10:07:30","slug":"gartenneugestaltung","status":"publish","type":"page","link":"https:\/\/copeman.de\/?page_id=7","title":{"rendered":"Gartenneugestaltung"},"content":{"rendered":"<h3><em><span style=\"color: #ff0000;\">Klimatische Verh\u00e4ltnisse in Deutschland<\/span><\/em><\/h3>\n<p>Temperaturbedingungen lassen sich kategorisieren. So hat das amerikanische Landwirtschaftsministerium (USDA) eine Tabelle mit Zonen entwickelt, die die <em>langj\u00e4hrige durchschnittliche Mindesttemperatur<\/em> als Basis hat.<\/p>\n<p><img loading=\"lazy\" decoding=\"async\" class=\" wp-image-11 aligncenter\" src=\"http:\/\/192.168.0.33\/wordpress\/wp-content\/uploads\/2017\/07\/Zonentabelle-300x98.gif\" alt=\"Zonentabelle\" width=\"404\" height=\"132\" \/><\/p>\n<p>Mein Heimatort Bad Schwartau ist der Klimazone 7b zugeordnet. Diese Zonentabelle ist allerdings mit Vorsicht zu geniessen: Beim Ausmitteln der Mindesttemperatur gehen kurze Spitzen (nach unten) nicht mit ein. Die Zone gibt nicht den absoluten Tiefstwert an, der f\u00fcr Pflanzen wichtig ist. Dennoch dient die Zonenangabe als erster Anhaltspunkt f\u00fcr die Auswahl von Pflanzen.<\/p>\n<p>Ein weiterer wesentlicher Faktor f\u00fcr das Gedeihen von Exoten ist die Feuchtigkeit im Winter. Viele Exoten vertragen tiefe Temperaturen (in Mexico wird es nachts teilweise k\u00e4lter als bei uns), jedoch dabei nur wenig Feuchtigkeit. Diese Bedingungen lassen sich hierzulande zumindest minimieren, indem eine funktionale Drainage angelegt und gegen Regen gesch\u00fctzt wird.<\/p>\n<h3>Umgestaltung des Gartens<\/h3>\n<p><img loading=\"lazy\" decoding=\"async\" class=\"alignleft size-full wp-image-13\" src=\"http:\/\/192.168.0.33\/wordpress\/wp-content\/uploads\/2017\/07\/Seitengarten-alt.jpg\" alt=\"Seitengarten-alt\" width=\"621\" height=\"354\" srcset=\"https:\/\/copeman.de\/wp-content\/uploads\/2017\/07\/Seitengarten-alt.jpg 621w, https:\/\/copeman.de\/wp-content\/uploads\/2017\/07\/Seitengarten-alt-300x171.jpg 300w\" sizes=\"auto, (max-width: 621px) 100vw, 621px\" \/><\/p>\n<p>Der Seitengarten des erworbenen Grundst\u00fcckes war bearbeitungsbed\u00fcrftig. Der Boden war uneben, das Beet von Giersch durchwachsen. So entschloss ich mich das St\u00fcck neu zu gestalten.<\/p>\n<p><img loading=\"lazy\" decoding=\"async\" class=\"alignleft wp-image-18\" src=\"http:\/\/192.168.0.33\/wordpress\/wp-content\/uploads\/2017\/07\/Seitengarten-Aushub1.jpg\" alt=\"Seitengarten-Aushub1\" width=\"620\" height=\"366\" srcset=\"https:\/\/copeman.de\/wp-content\/uploads\/2017\/07\/Seitengarten-Aushub1.jpg 606w, https:\/\/copeman.de\/wp-content\/uploads\/2017\/07\/Seitengarten-Aushub1-300x177.jpg 300w\" sizes=\"auto, (max-width: 620px) 100vw, 620px\" \/><\/p>\n<p><a href=\"http:\/\/192.168.0.33\/wordpress\/?page_id=64\">Dr. Michael Lorek <\/a>empfiehlt bei einem Hochbeet eine 90 cm Schicht bestehend aus 60 cm Ger\u00f6ll und 30 cm Bodenmischung. Da das Beet jedoch zus\u00e4tzlich eine Hanglage aufweist entschloss ich mich aus praktischen Gr\u00fcnden die Tiefe der Ger\u00f6llschicht auf 40 cm zu verkleinern.<\/p>\n<p><img loading=\"lazy\" decoding=\"async\" class=\"alignleft wp-image-22\" src=\"http:\/\/192.168.0.33\/wordpress\/wp-content\/uploads\/2017\/07\/Seitengarten-Aushub2.jpg\" alt=\"Seitengarten-Aushub2\" width=\"624\" height=\"525\" srcset=\"https:\/\/copeman.de\/wp-content\/uploads\/2017\/07\/Seitengarten-Aushub2.jpg 718w, https:\/\/copeman.de\/wp-content\/uploads\/2017\/07\/Seitengarten-Aushub2-300x252.jpg 300w\" sizes=\"auto, (max-width: 624px) 100vw, 624px\" \/><\/p>\n<p>Der Mutterboden des Beetes wurde also auf einer L\u00e4nge von ca. 7m und einer Breite von ca. 1m segmentweise 70 cm (30+40 cm) ausgehoben, komplett von Pflanzenteilen befreit und anschliessend mit 40 cm Ger\u00f6ll aufgef\u00fcllt.<\/p>\n<p><img loading=\"lazy\" decoding=\"async\" class=\"alignleft wp-image-24\" src=\"http:\/\/192.168.0.33\/wordpress\/wp-content\/uploads\/2017\/07\/Seitengarten-Aushub3.jpg\" alt=\"Seitengarten-Aushub3\" width=\"624\" height=\"531\" srcset=\"https:\/\/copeman.de\/wp-content\/uploads\/2017\/07\/Seitengarten-Aushub3.jpg 712w, https:\/\/copeman.de\/wp-content\/uploads\/2017\/07\/Seitengarten-Aushub3-300x255.jpg 300w\" sizes=\"auto, (max-width: 624px) 100vw, 624px\" \/><\/p>\n<p>Zwischen Ger\u00f6ll und dar\u00fcberliegendem Boden wurde zus\u00e4tzlich eine por\u00f6se Anti-Wildkraut-Folie gelegt um dessen Wuchs zu verlangsamen. Der Boden besteht aus einer Mischung von 1\/3 Sand, 1\/3 Kies und 1\/3 Mutterboden. Die Mischung wurde mit Bittersalz auf einen pH-Wert von ca. 6 eingestellt. Danach konnte mit der Pflanzung begonnen werden.<\/p>\n<p><img loading=\"lazy\" decoding=\"async\" class=\"alignleft wp-image-31\" src=\"http:\/\/192.168.0.33\/wordpress\/wp-content\/uploads\/2017\/07\/Seitengarten-neu.jpg\" alt=\"Seitengarten-neu\" width=\"623\" height=\"414\" srcset=\"https:\/\/copeman.de\/wp-content\/uploads\/2017\/07\/Seitengarten-neu.jpg 614w, https:\/\/copeman.de\/wp-content\/uploads\/2017\/07\/Seitengarten-neu-300x199.jpg 300w\" sizes=\"auto, (max-width: 623px) 100vw, 623px\" \/><\/p>\n<p>Und so sieht das Endergebnis aus, leider ohne Sonne und der Rasen ist noch nicht ganzfl\u00e4chig angelegt \ud83d\ude41<\/p>\n<figure id=\"attachment_5\" aria-describedby=\"caption-attachment-5\" style=\"width: 409px\" class=\"wp-caption alignleft\"><img loading=\"lazy\" decoding=\"async\" class=\"wp-image-5 size-full\" src=\"http:\/\/192.168.0.33\/wordpress\/wp-content\/uploads\/2017\/07\/Moritz.jpg\" alt=\"Moritz\" width=\"409\" height=\"272\" srcset=\"https:\/\/copeman.de\/wp-content\/uploads\/2017\/07\/Moritz.jpg 409w, https:\/\/copeman.de\/wp-content\/uploads\/2017\/07\/Moritz-300x200.jpg 300w\" sizes=\"auto, (max-width: 409px) 100vw, 409px\" \/><figcaption id=\"caption-attachment-5\" class=\"wp-caption-text\">Dem Kater scheint es zu gefallen &#8230;.<\/figcaption><\/figure>\n","protected":false},"excerpt":{"rendered":"<p>Klimatische Verh\u00e4ltnisse in Deutschland Temperaturbedingungen lassen sich kategorisieren. So hat das amerikanische Landwirtschaftsministerium (USDA) eine Tabelle mit Zonen entwickelt, die die langj\u00e4hrige durchschnittliche Mindesttemperatur als Basis hat. Mein Heimatort Bad Schwartau ist der Klimazone 7b zugeordnet. Diese Zonentabelle ist allerdings mit Vorsicht zu geniessen: Beim Ausmitteln der Mindesttemperatur gehen kurze Spitzen (nach unten) nicht mit ein. Die Zone gibt nicht den absoluten Tiefstwert an, der f\u00fcr Pflanzen wichtig ist. Dennoch&hellip;<\/p>\n","protected":false},"author":1,"featured_media":0,"parent":34,"menu_order":0,"comment_status":"closed","ping_status":"closed","template":"","meta":{"footnotes":""},"class_list":["post-7","page","type-page","status-publish","hentry"],"_links":{"self":[{"href":"https:\/\/copeman.de\/index.php?rest_route=\/wp\/v2\/pages\/7","targetHints":{"allow":["GET"]}}],"collection":[{"href":"https:\/\/copeman.de\/index.php?rest_route=\/wp\/v2\/pages"}],"about":[{"href":"https:\/\/copeman.de\/index.php?rest_route=\/wp\/v2\/types\/page"}],"author":[{"embeddable":true,"href":"https:\/\/copeman.de\/index.php?rest_route=\/wp\/v2\/users\/1"}],"replies":[{"embeddable":true,"href":"https:\/\/copeman.de\/index.php?rest_route=%2Fwp%2Fv2%2Fcomments&post=7"}],"version-history":[{"count":23,"href":"https:\/\/copeman.de\/index.php?rest_route=\/wp\/v2\/pages\/7\/revisions"}],"predecessor-version":[{"id":107,"href":"https:\/\/copeman.de\/index.php?rest_route=\/wp\/v2\/pages\/7\/revisions\/107"}],"up":[{"embeddable":true,"href":"https:\/\/copeman.de\/index.php?rest_route=\/wp\/v2\/pages\/34"}],"wp:attachment":[{"href":"https:\/\/copeman.de\/index.php?rest_route=%2Fwp%2Fv2%2Fmedia&parent=7"}],"curies":[{"name":"wp","href":"https:\/\/api.w.org\/{rel}","templated":true}]}}