{"id":42,"date":"2017-07-20T21:33:52","date_gmt":"2017-07-20T19:33:52","guid":{"rendered":"https:\/\/192.168.0.31\/blog\/?page_id=42"},"modified":"2020-10-06T12:12:03","modified_gmt":"2020-10-06T10:12:03","slug":"winterharte-exoten","status":"publish","type":"page","link":"https:\/\/copeman.de\/?page_id=42","title":{"rendered":"Winterharte Exoten"},"content":{"rendered":"<h3>Eine kleine Auswahl an winterharten Exoten:<\/h3>\n<figure id=\"attachment_43\" aria-describedby=\"caption-attachment-43\" style=\"width: 272px\" class=\"wp-caption alignleft\"><img loading=\"lazy\" decoding=\"async\" class=\"size-full wp-image-43\" src=\"http:\/\/192.168.0.33\/wordpress\/wp-content\/uploads\/2017\/07\/MyYuccaRostrata.jpg\" alt=\"Yucca Rostrata\" width=\"272\" height=\"409\" srcset=\"https:\/\/copeman.de\/wp-content\/uploads\/2017\/07\/MyYuccaRostrata.jpg 272w, https:\/\/copeman.de\/wp-content\/uploads\/2017\/07\/MyYuccaRostrata-200x300.jpg 200w\" sizes=\"auto, (max-width: 272px) 100vw, 272px\" \/><figcaption id=\"caption-attachment-43\" class=\"wp-caption-text\">Yucca Rostrata<\/figcaption><\/figure>\n<p>Bezeichnung: Yucca Rostrata<\/p>\n<p>Bev. Standort: Vollsonnig<\/p>\n<p>K\u00e4ltevertr\u00e4glichkeit: -18\u00b0C<\/p>\n<p>Substrat: Durchl\u00e4ssig<\/p>\n<figure id=\"attachment_43\" aria-describedby=\"caption-attachment-43\" style=\"width: 272px\" class=\"wp-caption alignleft\"><img loading=\"lazy\" decoding=\"async\" class=\"size-full wp-image-43\" src=\"http:\/\/192.168.0.33\/wordpress\/wp-content\/uploads\/2017\/07\/MyYuccaBrevifolia-1.jpg\" alt=\"Yucca Brevifolia\" width=\"272\" height=\"409\" \/><figcaption id=\"caption-attachment-43\" class=\"wp-caption-text\">Yucca Brevifolia<\/figcaption><\/figure>\n<p>Bezeichnung Yucca Brevifolia (Joshua Tree)<\/p>\n<p>Bev. Standort: Vollsonnig<\/p>\n<p>K\u00e4tevertr\u00e4glichkeit: -23\u00b0C<\/p>\n<p>Substrat: Durchl\u00e4ssig<\/p>\n<figure id=\"attachment_43\" aria-describedby=\"caption-attachment-43\" style=\"width: 272px\" class=\"wp-caption alignleft\"><img loading=\"lazy\" decoding=\"async\" class=\"size-full wp-image-43\" src=\"http:\/\/192.168.0.33\/wordpress\/wp-content\/uploads\/2017\/07\/2002-07-22-15.00.11.jpg\" alt=\"Trachycarpus Fortunei\" width=\"272\" height=\"409\" \/><figcaption id=\"caption-attachment-43\" class=\"wp-caption-text\">Trachycarpus Fortunei<\/figcaption><\/figure>\n<p>Bezeichnung: Trachycarpus fortunei (Hanfpalme)<\/p>\n<p>Bev. Standort: sonnig bis halbschattig<\/p>\n<p>K\u00e4ltevertr\u00e4glichkeit: -17\u00b0C<\/p>\n<p>Substrat: lehmig\/sehr anspruchslos<\/p>\n","protected":false},"excerpt":{"rendered":"<p>Eine kleine Auswahl an winterharten Exoten: Bezeichnung: Yucca Rostrata Bev. Standort: Vollsonnig K\u00e4ltevertr\u00e4glichkeit: -18\u00b0C Substrat: Durchl\u00e4ssig Bezeichnung Yucca Brevifolia (Joshua Tree) Bev. Standort: Vollsonnig K\u00e4tevertr\u00e4glichkeit: -23\u00b0C Substrat: Durchl\u00e4ssig Bezeichnung: Trachycarpus fortunei (Hanfpalme) Bev. Standort: sonnig bis halbschattig K\u00e4ltevertr\u00e4glichkeit: -17\u00b0C Substrat: lehmig\/sehr anspruchslos<\/p>\n","protected":false},"author":1,"featured_media":0,"parent":34,"menu_order":0,"comment_status":"closed","ping_status":"closed","template":"","meta":{"footnotes":""},"class_list":["post-42","page","type-page","status-publish","hentry"],"_links":{"self":[{"href":"https:\/\/copeman.de\/index.php?rest_route=\/wp\/v2\/pages\/42","targetHints":{"allow":["GET"]}}],"collection":[{"href":"https:\/\/copeman.de\/index.php?rest_route=\/wp\/v2\/pages"}],"about":[{"href":"https:\/\/copeman.de\/index.php?rest_route=\/wp\/v2\/types\/page"}],"author":[{"embeddable":true,"href":"https:\/\/copeman.de\/index.php?rest_route=\/wp\/v2\/users\/1"}],"replies":[{"embeddable":true,"href":"https:\/\/copeman.de\/index.php?rest_route=%2Fwp%2Fv2%2Fcomments&post=42"}],"version-history":[{"count":20,"href":"https:\/\/copeman.de\/index.php?rest_route=\/wp\/v2\/pages\/42\/revisions"}],"predecessor-version":[{"id":108,"href":"https:\/\/copeman.de\/index.php?rest_route=\/wp\/v2\/pages\/42\/revisions\/108"}],"up":[{"embeddable":true,"href":"https:\/\/copeman.de\/index.php?rest_route=\/wp\/v2\/pages\/34"}],"wp:attachment":[{"href":"https:\/\/copeman.de\/index.php?rest_route=%2Fwp%2Fv2%2Fmedia&parent=42"}],"curies":[{"name":"wp","href":"https:\/\/api.w.org\/{rel}","templated":true}]}}