{"id":34,"date":"2017-07-20T20:28:29","date_gmt":"2017-07-20T18:28:29","guid":{"rendered":"https:\/\/192.168.0.31\/blog\/?page_id=34"},"modified":"2020-10-06T12:01:02","modified_gmt":"2020-10-06T10:01:02","slug":"copeman-de","status":"publish","type":"page","link":"https:\/\/copeman.de\/","title":{"rendered":"Willkommen"},"content":{"rendered":"<h3>Willkommen<\/h3>\n<p>Diese Seite besch\u00e4ftigt sich haupts\u00e4chlich mit der Freilandkultivierung von exotischen Pflanzen im Norden von Deutschland. Es existieren Arten von Palmen, Agaven, Yucca und Kakteen, die unter bestimmten Bedingungen ebenfalls in unserem Klima gedeihen, sogar ohne Winterschutzmassnahmen. Dieses Thema hat mich so fasziniert, dass ich einen bestimmten Teil meines Gartens auf die Bed\u00fcrfnisse der Exoten umgestaltet habe. N\u00e4heres hierzu ist unter <a href=\"http:\/\/192.168.0.33\/wordpress\/?page_id=7\">Gartenneugestaltung<\/a> zu finden.<\/p>\n<p>Unter <a href=\"http:\/\/192.168.0.33\/wordpress\/?page_id=42\">Winterharte Exoten<\/a> finden sich n\u00e4here Informationen zu den einzelnen verwendeten Pflanzen.<\/p>\n","protected":false},"excerpt":{"rendered":"<p>Willkommen Diese Seite besch\u00e4ftigt sich haupts\u00e4chlich mit der Freilandkultivierung von exotischen Pflanzen im Norden von Deutschland. Es existieren Arten von Palmen, Agaven, Yucca und Kakteen, die unter bestimmten Bedingungen ebenfalls in unserem Klima gedeihen, sogar ohne Winterschutzmassnahmen. Dieses Thema hat mich so fasziniert, dass ich einen bestimmten Teil meines Gartens auf die Bed\u00fcrfnisse der Exoten umgestaltet habe. N\u00e4heres hierzu ist unter Gartenneugestaltung zu finden. Unter Winterharte Exoten finden sich n\u00e4here&hellip;<\/p>\n","protected":false},"author":1,"featured_media":0,"parent":0,"menu_order":0,"comment_status":"closed","ping_status":"closed","template":"","meta":{"footnotes":""},"class_list":["post-34","page","type-page","status-publish","hentry"],"_links":{"self":[{"href":"https:\/\/copeman.de\/index.php?rest_route=\/wp\/v2\/pages\/34","targetHints":{"allow":["GET"]}}],"collection":[{"href":"https:\/\/copeman.de\/index.php?rest_route=\/wp\/v2\/pages"}],"about":[{"href":"https:\/\/copeman.de\/index.php?rest_route=\/wp\/v2\/types\/page"}],"author":[{"embeddable":true,"href":"https:\/\/copeman.de\/index.php?rest_route=\/wp\/v2\/users\/1"}],"replies":[{"embeddable":true,"href":"https:\/\/copeman.de\/index.php?rest_route=%2Fwp%2Fv2%2Fcomments&post=34"}],"version-history":[{"count":11,"href":"https:\/\/copeman.de\/index.php?rest_route=\/wp\/v2\/pages\/34\/revisions"}],"predecessor-version":[{"id":131,"href":"https:\/\/copeman.de\/index.php?rest_route=\/wp\/v2\/pages\/34\/revisions\/131"}],"wp:attachment":[{"href":"https:\/\/copeman.de\/index.php?rest_route=%2Fwp%2Fv2%2Fmedia&parent=34"}],"curies":[{"name":"wp","href":"https:\/\/api.w.org\/{rel}","templated":true}]}}